{"id":8421,"date":"2021-08-09T14:36:54","date_gmt":"2021-08-09T14:36:54","guid":{"rendered":"https:\/\/yildiz-grouptr.com\/get-in-touch\/"},"modified":"2023-08-18T08:59:20","modified_gmt":"2023-08-18T08:59:20","slug":"get-in-touch","status":"publish","type":"page","link":"https:\/\/yildiz-grouptr.com\/ar\/get-in-touch\/","title":{"rendered":"\u062a\u0648\u0627\u0635\u0644 \u0645\u0639\u0646\u0627"},"content":{"rendered":"\t\t<div data-elementor-type=\"wp-page\" data-elementor-id=\"8421\" class=\"elementor elementor-8421 elementor-3235\">\n\t\t\t\t\t\t<section class=\"elementor-section elementor-top-section elementor-element elementor-element-7c560f4 elementor-section-full_width elementor-section-height-default elementor-section-height-default qodef-elementor-content-no\" data-id=\"7c560f4\" data-element_type=\"section\">\n\t\t\t\t\t\t<div class=\"elementor-container elementor-column-gap-no\">\n\t\t\t\t\t<div class=\"elementor-column elementor-col-100 elementor-top-column elementor-element elementor-element-d9837a0\" data-id=\"d9837a0\" data-element_type=\"column\">\n\t\t\t<div class=\"elementor-widget-wrap elementor-element-populated\">\n\t\t\t\t\t\t<div class=\"elementor-element elementor-element-1befe17 elementor-widget elementor-widget-globefarer_core_google_map\" data-id=\"1befe17\" data-element_type=\"widget\" data-widget_type=\"globefarer_core_google_map.default\">\n\t\t\t\t<div class=\"elementor-widget-container\">\n\t\t\t<div class=\"qodef-shortcode qodef-m  qodef-google-map\">\n\t<div class=\"qodef-m-map\" id=\"qodef-map-id--236\" data-addresses='[\"https:\/\/www.google.com\/maps\/place\/Pitkin+Ave,+Brooklyn,+NY,+USA\/@40.6744164,-73.8812223,17z\/data=!3m1!4b1!4m5!3m4!1s0x89c25db047b4d133:0x22abf5527f7c7e0a!8m2!3d40.6744124!4d-73.8790336\"]' data-pin=https:\/\/yildiz-grouptr.com\/wp-content\/uploads\/2021\/08\/Pin.png data-unique-id=236 data-height=700><\/div>\n<\/div>\n\t\t<\/div>\n\t\t\t\t<\/div>\n\t\t\t\t\t<\/div>\n\t\t<\/div>\n\t\t\t\t\t<\/div>\n\t\t<\/section>\n\t\t\t\t<section class=\"elementor-section elementor-top-section elementor-element elementor-element-298ae6e elementor-section-boxed elementor-section-height-default elementor-section-height-default qodef-elementor-content-no\" data-id=\"298ae6e\" data-element_type=\"section\">\n\t\t\t\t\t\t<div class=\"elementor-container elementor-column-gap-default\">\n\t\t\t\t\t<div class=\"elementor-column elementor-col-100 elementor-top-column elementor-element elementor-element-361dd85\" data-id=\"361dd85\" data-element_type=\"column\">\n\t\t\t<div class=\"elementor-widget-wrap elementor-element-populated\">\n\t\t\t\t\t\t<div class=\"elementor-element elementor-element-5fd71b9 elementor-widget__width-initial elementor-widget elementor-widget-qi_addons_for_elementor_animated_text\" data-id=\"5fd71b9\" data-element_type=\"widget\" data-widget_type=\"qi_addons_for_elementor_animated_text.default\">\n\t\t\t\t<div class=\"elementor-widget-container\">\n\t\t\t<div class=\"qodef-shortcode qodef-m  qodef-qi-animated-text  qodef--alignment-center qodef-qi--has-appear qodef--appear-from-bottom\" >\n\t\t<h2 class=\"qodef-m-title\">\n\t\t\u062e\u062f\u0645\u0627\u062a\u0646\u0627\t<\/h2>\n<\/div>\n\t\t<\/div>\n\t\t\t\t<\/div>\n\t\t\t\t\t<\/div>\n\t\t<\/div>\n\t\t\t\t\t<\/div>\n\t\t<\/section>\n\t\t\t\t<section class=\"elementor-section elementor-top-section elementor-element elementor-element-21f3805 elementor-section-full_width qodef-elementor-content-grid elementor-section-height-default elementor-section-height-default\" data-id=\"21f3805\" data-element_type=\"section\" data-settings=\"{&quot;background_background&quot;:&quot;classic&quot;}\">\n\t\t\t\t\t\t<div class=\"elementor-container elementor-column-gap-no\">\n\t\t\t\t\t<div class=\"elementor-column elementor-col-33 elementor-top-column elementor-element elementor-element-1fe1cf7\" data-id=\"1fe1cf7\" data-element_type=\"column\">\n\t\t\t<div class=\"elementor-widget-wrap elementor-element-populated\">\n\t\t\t\t\t\t<div class=\"elementor-element elementor-element-f4f266e elementor-widget elementor-widget-globefarer_core_icon_with_text\" data-id=\"f4f266e\" data-element_type=\"widget\" data-widget_type=\"globefarer_core_icon_with_text.default\">\n\t\t\t\t<div class=\"elementor-widget-container\">\n\t\t\t<div class=\"qodef-shortcode qodef-m  qodef-icon-with-text qodef-layout--top qodef--custom-icon  qodef-alignment--center\">\n\t<div class=\"qodef-m-icon-wrapper\">\n\t\t\t\t\t<img decoding=\"async\" width=\"95\" height=\"95\" src=\"https:\/\/yildiz-grouptr.com\/wp-content\/uploads\/2023\/08\/1.png\" class=\"attachment-full size-full\" alt=\"\" \/>\t\t<\/div>\n\t<div class=\"qodef-m-content\">\n\t\t\t<h4 class=\"qodef-m-title\" >\n\t\t\t\t\t<span class=\"qodef-m-title-text\">\u0627\u0644\u0634\u062d\u0646 \u0627\u0644\u062c\u0648\u064a<\/span>\n\t\t\t<\/h4>\n\t\t\t<p class=\"qodef-m-text\" style=\"margin-top: 18px\">\u0646\u0642\u0644 \u0628\u0636\u0627\u0626\u0639\u0643 \u0628\u0633\u0631\u0639\u0629 \u0639\u0628\u0631 \u0627\u0644\u0639\u0627\u0644\u0645 \u0645\u0639 \u062e\u062f\u0645\u0627\u062a \u0627\u0644\u0646\u0642\u0644 \u0627\u0644\u062c\u0648\u064a \u0627\u0644\u0641\u0639\u0627\u0644\u0629 \u0648\u0627\u0644\u0645\u0648\u062b\u0648\u0642\u0629.<\/p>\n\t<\/div>\n<\/div>\n\t\t<\/div>\n\t\t\t\t<\/div>\n\t\t\t\t\t<\/div>\n\t\t<\/div>\n\t\t\t\t<div class=\"elementor-column elementor-col-33 elementor-top-column elementor-element elementor-element-2bea947\" data-id=\"2bea947\" data-element_type=\"column\">\n\t\t\t<div class=\"elementor-widget-wrap elementor-element-populated\">\n\t\t\t\t\t\t<div class=\"elementor-element elementor-element-ae5858c elementor-widget elementor-widget-globefarer_core_icon_with_text\" data-id=\"ae5858c\" data-element_type=\"widget\" data-widget_type=\"globefarer_core_icon_with_text.default\">\n\t\t\t\t<div class=\"elementor-widget-container\">\n\t\t\t<div class=\"qodef-shortcode qodef-m  qodef-icon-with-text qodef-layout--top qodef--custom-icon  qodef-alignment--center\">\n\t<div class=\"qodef-m-icon-wrapper\">\n\t\t\t\t\t<img decoding=\"async\" width=\"95\" height=\"95\" src=\"https:\/\/yildiz-grouptr.com\/wp-content\/uploads\/2023\/08\/3.png\" class=\"attachment-full size-full\" alt=\"\" \/>\t\t<\/div>\n\t<div class=\"qodef-m-content\">\n\t\t\t<h4 class=\"qodef-m-title\" >\n\t\t\t\t\t<span class=\"qodef-m-title-text\">\u0627\u0644\u0634\u062d\u0646 \u0627\u0644\u0628\u062d\u0631\u064a<\/span>\n\t\t\t<\/h4>\n\t\t\t<p class=\"qodef-m-text\" style=\"margin-top: 18px\">\u0634\u062d\u0646 \u0628\u0636\u0627\u0626\u0639\u0643 \u0648\u0645\u0646\u062a\u062c\u0627\u062a\u0643 \u062d\u0648\u0644 \u0627\u0644\u0639\u0627\u0644\u0645 \u0628\u0633\u0647\u0648\u0644\u0629 \u0645\u0646 \u062e\u0644\u0627\u0644 \u062e\u062f\u0645\u0627\u062a \u0627\u0644\u0646\u0642\u0644 \u0627\u0644\u0628\u062d\u0631\u064a \u0644\u062f\u064a\u0646\u0627.\n<\/p>\n\t<\/div>\n<\/div>\n\t\t<\/div>\n\t\t\t\t<\/div>\n\t\t\t\t\t<\/div>\n\t\t<\/div>\n\t\t\t\t<div class=\"elementor-column elementor-col-33 elementor-top-column elementor-element elementor-element-d1e19ed\" data-id=\"d1e19ed\" data-element_type=\"column\">\n\t\t\t<div class=\"elementor-widget-wrap elementor-element-populated\">\n\t\t\t\t\t\t<div class=\"elementor-element elementor-element-7acf057 elementor-widget elementor-widget-globefarer_core_icon_with_text\" data-id=\"7acf057\" data-element_type=\"widget\" data-widget_type=\"globefarer_core_icon_with_text.default\">\n\t\t\t\t<div class=\"elementor-widget-container\">\n\t\t\t<div class=\"qodef-shortcode qodef-m  qodef-icon-with-text qodef-layout--top qodef--custom-icon  qodef-alignment--center\">\n\t<div class=\"qodef-m-icon-wrapper\">\n\t\t\t\t\t<img decoding=\"async\" width=\"95\" height=\"95\" src=\"https:\/\/yildiz-grouptr.com\/wp-content\/uploads\/2023\/08\/2.png\" class=\"attachment-full size-full\" alt=\"\" \/>\t\t<\/div>\n\t<div class=\"qodef-m-content\">\n\t\t\t<h4 class=\"qodef-m-title\" >\n\t\t\t\t\t<span class=\"qodef-m-title-text\">\u0627\u0644\u062e\u062f\u0645\u0627\u062a \u0627\u0644\u0644\u0648\u062c\u0633\u062a\u064a\u0629<\/span>\n\t\t\t<\/h4>\n\t\t\t<p class=\"qodef-m-text\" style=\"margin-top: 18px\">\u0646\u062d\u0646 \u0646\u0642\u062f\u0645 \u0627\u0644\u062e\u062f\u0645\u0627\u062a \u0627\u0644\u0644\u0648\u062c\u0633\u062a\u064a\u0629 \u0627\u0644\u0631\u0626\u064a\u0633\u064a\u0629 \u0645\u062b\u0644 \u062a\u062d\u0645\u064a\u0644 \u0627\u0644\u0628\u0636\u0627\u0626\u0639\u060c \u0627\u0644\u062a\u0639\u0628\u0626\u0629 \u0648\u0627\u0644\u062a\u063a\u0644\u064a\u0641\u060c \u0648\u0627\u0644\u0645\u0633\u062a\u0648\u062f\u0639\u0627\u062a.<\/p>\n\t<\/div>\n<\/div>\n\t\t<\/div>\n\t\t\t\t<\/div>\n\t\t\t\t\t<\/div>\n\t\t<\/div>\n\t\t\t\t\t<\/div>\n\t\t<\/section>\n\t\t\t\t<section class=\"elementor-section elementor-top-section elementor-element elementor-element-d3db1c5 elementor-section-full_width qodef-elementor-content-grid elementor-section-height-default elementor-section-height-default\" data-id=\"d3db1c5\" data-element_type=\"section\">\n\t\t\t\t\t\t<div class=\"elementor-container elementor-column-gap-no\">\n\t\t\t\t\t<div class=\"elementor-column elementor-col-50 elementor-top-column elementor-element elementor-element-425ca96\" data-id=\"425ca96\" data-element_type=\"column\">\n\t\t\t<div class=\"elementor-widget-wrap elementor-element-populated\">\n\t\t\t\t\t\t<div class=\"elementor-element elementor-element-66bfc3e elementor-widget elementor-widget-globefarer_core_section_title\" data-id=\"66bfc3e\" data-element_type=\"widget\" data-widget_type=\"globefarer_core_section_title.default\">\n\t\t\t\t<div class=\"elementor-widget-container\">\n\t\t\t<div class=\"qodef-shortcode qodef-m  qodef-section-title qodef-alignment--right   qodef-appear-animation--no\">\n\t\t\t<h2 class=\"qodef-m-title\" >\n\t\t\t\t\t\u0627\u0628\u0642 \u0639\u0644\u0649 \u062a\u0648\u0627\u0635\u0644 \u0645\u0639\u0646\u0627\t\t\t<\/h2>\n\t\t<p class=\"qodef-m-text\" style=\"margin-top: 27px\">\u0643\u0644 \u0645\u0627 \u064a\u062d\u062a\u0627\u062c\u0647 \u0639\u0645\u0644\u0643 \u0641\u064a \u0645\u062c\u0627\u0644 \u0627\u0644\u062e\u062f\u0645\u0627\u062a \u0627\u0644\u0644\u0648\u062c\u0633\u062a\u064a\u0629 \u0645\u0648\u062c\u0648\u062f \u0647\u0646\u0627 \u0628\u0627\u0644\u0641\u0639\u0644! \u0645\u062c\u0645\u0648\u0639\u0629 \u064a\u0644\u062f\u0632 \u0644\u062f\u064a\u0647\u0627 \u0627\u0644\u062d\u0644 \u0627\u0644\u0645\u0646\u0627\u0633\u0628 \u0644\u0643.<\/p>\n\t<\/div>\n\t\t<\/div>\n\t\t\t\t<\/div>\n\t\t\t\t<div class=\"elementor-element elementor-element-8dcb04c elementor-widget__width-initial elementor-widget-mobile__width-inherit elementor-widget elementor-widget-globefarer_core_contact_info\" data-id=\"8dcb04c\" data-element_type=\"widget\" data-widget_type=\"globefarer_core_contact_info.default\">\n\t\t\t\t<div class=\"elementor-widget-container\">\n\t\t\t<div class=\"qodef-shortcode qodef-m  qodef-contact-info qodef-layout--type-2 \">\n\t\t<div class=\"qodef-m-phone\">\n\t\t\t<h6 class=\"qodef-m-phone-tagline\">\n\t\t\u0645\u0631\u0643\u0632 \u0627\u0644\u062f\u0639\u0645 24\/7\t<\/h6>\n\t\t<h2 class=\"qodef-m-phone-item\">\t<a itemprop=\"telephone\" href=\"tel:00905367363387\">\n\t\t00905367363387\t<\/a>\n\t<\/h2>\t<\/div>\n<div class=\"qodef-m-address-email\">\n\t\t\t<div class=\"qodef-m-address\">\n\t\t\t\t<h6 class=\"qodef-m-address-tagline\">\n\t\t\u0645\u0648\u0627\u0642\u0639\u0646\u0627\t<\/h6>\n\t<h5 class=\"qodef-m-address-item\">\tMolla G\u00fcrani, O\u011fuzhan Cd. F\u0131nd\u0131kzad,\n34093 Fatih\/\u0130stanbul\t<\/h5>\t\t<\/div>\n\t\t\t\t<div class=\"qodef-m-email\">\n\t\t\t\t<h6 class=\"qodef-m-email-tagline\">\n\t\t\u0627\u0643\u062a\u0628 \u0644\u0646\u0627\t<\/h6>\n\t<h5 class=\"qodef-m-email-item\">\t<a itemprop=\"email\" href=\"mailto:Info@yildiz-grouptr.com\">\n\t\tInfo@yildiz-grouptr.com\t<\/a>\n\t<\/h5>\t\t<\/div>\n\t<\/div>\n<\/div>\n\t\t<\/div>\n\t\t\t\t<\/div>\n\t\t\t\t\t<\/div>\n\t\t<\/div>\n\t\t\t\t<div class=\"elementor-column elementor-col-50 elementor-top-column elementor-element elementor-element-ca1997c\" data-id=\"ca1997c\" data-element_type=\"column\">\n\t\t\t<div class=\"elementor-widget-wrap elementor-element-populated\">\n\t\t\t\t\t\t<div class=\"elementor-element elementor-element-69db32f elementor-widget elementor-widget-wp-widget-globefarer_core_contact_form_7\" data-id=\"69db32f\" data-element_type=\"widget\" data-widget_type=\"wp-widget-globefarer_core_contact_form_7.default\">\n\t\t\t\t<div class=\"elementor-widget-container\">\n\t\t\t\t\t\t<div class=\"qodef-contact-form-7\">\n\t\t\t\t\n<div class=\"wpcf7 no-js\" id=\"wpcf7-f8842-o1\" lang=\"en-US\" dir=\"ltr\">\n<div class=\"screen-reader-response\"><p role=\"status\" aria-live=\"polite\" aria-atomic=\"true\"><\/p> <ul><\/ul><\/div>\n<form action=\"\/ar\/wp-json\/wp\/v2\/pages\/8421#wpcf7-f8842-o1\" method=\"post\" class=\"wpcf7-form init\" aria-label=\"Contact form\" novalidate=\"novalidate\" data-status=\"init\">\n<div style=\"display: none;\">\n<input type=\"hidden\" name=\"_wpcf7\" value=\"8842\" \/>\n<input type=\"hidden\" name=\"_wpcf7_version\" value=\"5.9.3\" \/>\n<input type=\"hidden\" name=\"_wpcf7_locale\" value=\"en_US\" \/>\n<input type=\"hidden\" name=\"_wpcf7_unit_tag\" value=\"wpcf7-f8842-o1\" \/>\n<input type=\"hidden\" name=\"_wpcf7_container_post\" value=\"0\" \/>\n<input type=\"hidden\" name=\"_wpcf7_posted_data_hash\" value=\"\" \/>\n<\/div>\n<div class=\"qodef-m-input\" dir=\"rtl\">\n  <div class=\"qodef-m-input-holder\"><label><span class=\"qodef-m-input-label\">\u0627\u0644\u0623\u0633\u0645 \u0627\u0644\u0643\u0627\u0645\u0644  <\/span><span class=\"wpcf7-form-control-wrap\" data-name=\"name\"><input size=\"40\" class=\"wpcf7-form-control wpcf7-text wpcf7-validates-as-required\" aria-required=\"true\" aria-invalid=\"false\" value=\"\" type=\"text\" name=\"name\" \/><\/span><\/label><\/div>\n  <div class=\"qodef-m-input-holder\"><label><span class=\"qodef-m-input-label\">\u0627\u0644\u0628\u0631\u064a\u062f \u0627\u0644\u0623\u0644\u0643\u062a\u0631\u0648\u0646\u064a <\/span><span class=\"wpcf7-form-control-wrap\" data-name=\"email\"><input size=\"40\" class=\"wpcf7-form-control wpcf7-text wpcf7-validates-as-required\" aria-required=\"true\" aria-invalid=\"false\" value=\"\" type=\"text\" name=\"email\" \/><\/span><\/label><\/div>\n  <div class=\"qodef-m-input-holder\"><label><span class=\"qodef-m-input-label\">\u0627\u062a\u0631\u0643 \u0631\u0633\u0627\u0644\u0629 \u0647\u0646\u0627 <\/span><span class=\"wpcf7-form-control-wrap\" data-name=\"message\"><textarea cols=\"40\" rows=\"5\" class=\"wpcf7-form-control wpcf7-textarea wpcf7-validates-as-required\" aria-required=\"true\" aria-invalid=\"false\" name=\"message\"><\/textarea><\/span><\/label><\/div>\n  <div class=\"qodef-m-input-buttons\">\n    <button class=\"wpcf7-form-control wpcf7-submit qodef-button qodef-size--normal qodef-layout--filled qodef-m\" type=\"submit\"><span class=\"qodef-m-button-icon\"><svg class=\"qodef-svg--plus\" xmlns=\"http:\/\/www.w3.org\/2000\/svg\" xmlns:xlink=\"http:\/\/www.w3.org\/1999\/xlink\" width=\"14\" height=\"14\" viewBox=\"0 0 14 14\"><path class=\"qodef-m-horizontal\" d=\"M0,0H14V2H0Z\" transform=\"translate(0 6)\" \/><path class=\"qodef-m-vertical\" d=\"M0,0H2V14H0Z\" transform=\"translate(6)\" \/><\/svg><\/span><span class=\"qodef-m-button-text\">\u0623\u0631\u0633\u0644 \u0631\u0633\u0627\u0644\u0629<\/span><\/button><\/div>\n<\/div><div class=\"wpcf7-response-output\" aria-hidden=\"true\"><\/div>\n<\/form>\n<\/div>\n\t\t\t<\/div>\n\t\t\t\t\t<\/div>\n\t\t\t\t<\/div>\n\t\t\t\t\t<\/div>\n\t\t<\/div>\n\t\t\t\t\t<\/div>\n\t\t<\/section>\n\t\t\t\t<section class=\"elementor-section elementor-top-section elementor-element elementor-element-ce8d75d elementor-section-full_width elementor-section-height-default elementor-section-height-default qodef-elementor-content-no\" data-id=\"ce8d75d\" data-element_type=\"section\">\n\t\t\t\t\t\t\t<div class=\"elementor-background-overlay\"><\/div>\n\t\t\t\t\t\t\t<div class=\"elementor-container elementor-column-gap-default\">\n\t\t\t\t\t<div class=\"elementor-column elementor-col-100 elementor-top-column elementor-element elementor-element-603c216\" data-id=\"603c216\" data-element_type=\"column\">\n\t\t\t<div class=\"elementor-widget-wrap elementor-element-populated\">\n\t\t\t\t\t\t<div class=\"elementor-element elementor-element-e17ee08 elementor-widget__width-inherit elementor-widget elementor-widget-google_maps\" data-id=\"e17ee08\" data-element_type=\"widget\" data-widget_type=\"google_maps.default\">\n\t\t\t\t<div class=\"elementor-widget-container\">\n\t\t\t<style>\/*! elementor - v3.20.0 - 20-03-2024 *\/\n.elementor-widget-google_maps .elementor-widget-container{overflow:hidden}.elementor-widget-google_maps .elementor-custom-embed{line-height:0}.elementor-widget-google_maps iframe{height:300px}<\/style>\t\t<div class=\"elementor-custom-embed\">\n\t\t\t<iframe loading=\"lazy\"\n\t\t\t\t\tsrc=\"https:\/\/maps.google.com\/maps?q=%20Molla%20G%C3%BCrani%2C%20O%C4%9Fuzhan%20Cd.%20F%C4%B1nd%C4%B1kzad%2C%2034093%20Fatih%2F%C4%B0stanbul&#038;t=m&#038;z=15&#038;output=embed&#038;iwloc=near\"\n\t\t\t\t\ttitle=\" Molla G\u00fcrani, O\u011fuzhan Cd. F\u0131nd\u0131kzad, 34093 Fatih\/\u0130stanbul\"\n\t\t\t\t\taria-label=\" Molla G\u00fcrani, O\u011fuzhan Cd. F\u0131nd\u0131kzad, 34093 Fatih\/\u0130stanbul\"\n\t\t\t><\/iframe>\n\t\t<\/div>\n\t\t\t\t<\/div>\n\t\t\t\t<\/div>\n\t\t\t\t\t<\/div>\n\t\t<\/div>\n\t\t\t\t\t<\/div>\n\t\t<\/section>\n\t\t\t\t<\/div>\n\t\t","protected":false},"excerpt":{"rendered":"<p>\u062e\u062f\u0645\u0627\u062a\u0646\u0627 \u0627\u0644\u0634\u062d\u0646 \u0627\u0644\u062c\u0648\u064a \u0646\u0642\u0644 \u0628\u0636\u0627\u0626\u0639\u0643 \u0628\u0633\u0631\u0639\u0629 \u0639\u0628\u0631 \u0627\u0644\u0639\u0627\u0644\u0645 \u0645\u0639 \u062e\u062f\u0645\u0627\u062a \u0627\u0644\u0646\u0642\u0644 \u0627\u0644\u062c\u0648\u064a \u0627\u0644\u0641\u0639\u0627\u0644\u0629 \u0648\u0627\u0644\u0645\u0648\u062b\u0648\u0642\u0629. \u0627\u0644\u0634\u062d\u0646 \u0627\u0644\u0628\u062d\u0631\u064a \u0634\u062d\u0646 \u0628\u0636\u0627\u0626\u0639\u0643 \u0648\u0645\u0646\u062a\u062c\u0627\u062a\u0643 \u062d\u0648\u0644 \u0627\u0644\u0639\u0627\u0644\u0645 \u0628\u0633\u0647\u0648\u0644\u0629 \u0645\u0646 \u062e\u0644\u0627\u0644 \u062e\u062f\u0645\u0627\u062a \u0627\u0644\u0646\u0642\u0644 \u0627\u0644\u0628\u062d\u0631\u064a \u0644\u062f\u064a\u0646\u0627. \u0627\u0644\u062e\u062f\u0645\u0627\u062a \u0627\u0644\u0644\u0648\u062c\u0633\u062a\u064a\u0629 \u0646\u062d\u0646 \u0646\u0642\u062f\u0645 \u0627\u0644\u062e\u062f\u0645\u0627\u062a \u0627\u0644\u0644\u0648\u062c\u0633\u062a\u064a\u0629 \u0627\u0644\u0631\u0626\u064a\u0633\u064a\u0629 \u0645\u062b\u0644 \u062a\u062d\u0645\u064a\u0644 \u0627\u0644\u0628\u0636\u0627\u0626\u0639\u060c \u0627\u0644\u062a\u0639\u0628\u0626\u0629 \u0648\u0627\u0644\u062a\u063a\u0644\u064a\u0641\u060c \u0648\u0627\u0644\u0645\u0633\u062a\u0648\u062f\u0639\u0627\u062a. \u0627\u0628\u0642 \u0639\u0644\u0649 \u062a\u0648\u0627\u0635\u0644 \u0645\u0639\u0646\u0627 \u0643\u0644 \u0645\u0627 \u064a\u062d\u062a\u0627\u062c\u0647 \u0639\u0645\u0644\u0643 \u0641\u064a \u0645\u062c\u0627\u0644 \u0627\u0644\u062e\u062f\u0645\u0627\u062a \u0627\u0644\u0644\u0648\u062c\u0633\u062a\u064a\u0629 \u0645\u0648\u062c\u0648\u062f \u0647\u0646\u0627 [&hellip;]<\/p>\n","protected":false},"author":4,"featured_media":0,"parent":0,"menu_order":0,"comment_status":"closed","ping_status":"closed","template":"page-full-width.php","meta":{"_joinchat":[],"footnotes":""},"class_list":["post-8421","page","type-page","status-publish","hentry"],"_links":{"self":[{"href":"https:\/\/yildiz-grouptr.com\/ar\/wp-json\/wp\/v2\/pages\/8421","targetHints":{"allow":["GET"]}}],"collection":[{"href":"https:\/\/yildiz-grouptr.com\/ar\/wp-json\/wp\/v2\/pages"}],"about":[{"href":"https:\/\/yildiz-grouptr.com\/ar\/wp-json\/wp\/v2\/types\/page"}],"author":[{"embeddable":true,"href":"https:\/\/yildiz-grouptr.com\/ar\/wp-json\/wp\/v2\/users\/4"}],"replies":[{"embeddable":true,"href":"https:\/\/yildiz-grouptr.com\/ar\/wp-json\/wp\/v2\/comments?post=8421"}],"version-history":[{"count":78,"href":"https:\/\/yildiz-grouptr.com\/ar\/wp-json\/wp\/v2\/pages\/8421\/revisions"}],"predecessor-version":[{"id":9088,"href":"https:\/\/yildiz-grouptr.com\/ar\/wp-json\/wp\/v2\/pages\/8421\/revisions\/9088"}],"wp:attachment":[{"href":"https:\/\/yildiz-grouptr.com\/ar\/wp-json\/wp\/v2\/media?parent=8421"}],"curies":[{"name":"wp","href":"https:\/\/api.w.org\/{rel}","templated":true}]}}